{"id":15,"date":"2023-06-28T21:18:51","date_gmt":"2023-06-28T19:18:51","guid":{"rendered":"http:\/\/zweizwei.com\/?page_id=15"},"modified":"2024-04-27T11:36:23","modified_gmt":"2024-04-27T09:36:23","slug":"__trashed-2","status":"publish","type":"page","link":"https:\/\/zweizwei.com\/","title":{"rendered":"zweizwei"},"content":{"rendered":"\n<div class=\"wp-block-group alignwide is-layout-flow wp-block-group-is-layout-flow\">\n<h2 class=\"wp-block-heading has-text-align-center\">visuelle kunst&#8230; illustration .. foto .. film .. ausstellungen .. veranstaltungen .. dokumentation .. \u00f6ffentlicher raum .. kunst im kontext .. mixed media .. performance ..<\/h2>\n<\/div>\n\n\n\n<div class=\"wp-block-columns alignwide is-layout-flex wp-container-core-columns-is-layout-28f84493 wp-block-columns-is-layout-flex\">\n<div class=\"wp-block-column is-layout-flow wp-block-column-is-layout-flow\">\n<div class=\"wp-block-group is-layout-flow wp-block-group-is-layout-flow\">\n<figure class=\"wp-block-image alignfull size-full\"><img loading=\"lazy\" decoding=\"async\" width=\"437\" height=\"282\" src=\"http:\/\/zweizwei.com\/wp-content\/uploads\/2023\/06\/IMG_9876-edited-1.jpg\" alt=\"\" class=\"wp-image-27\" srcset=\"https:\/\/zweizwei.com\/wp-content\/uploads\/2023\/06\/IMG_9876-edited-1.jpg 437w, https:\/\/zweizwei.com\/wp-content\/uploads\/2023\/06\/IMG_9876-edited-1-300x194.jpg 300w\" sizes=\"auto, (max-width: 437px) 100vw, 437px\" \/><\/figure>\n\n\n\n<h3 class=\"wp-block-heading\"><a href=\"http:\/\/zweizwei.com\/index.php\/casa-de-copiii\/\" data-type=\"page\" data-id=\"31\">casa de copiii<\/a><\/h3>\n\n\n\n<p>2014<\/p>\n\n\n\n<div class=\"wp-block-button is-style-outline is-style-outline--1\"><a class=\"wp-block-button__link wp-element-button\">*<\/a><\/div>\n<\/div>\n\n\n\n<div class=\"wp-block-group is-layout-flow wp-block-group-is-layout-flow\">\n<figure class=\"wp-block-image alignfull size-full\"><img loading=\"lazy\" decoding=\"async\" width=\"1189\" height=\"874\" src=\"http:\/\/zweizwei.com\/wp-content\/uploads\/2024\/04\/sissi_mare_08.jpg\" alt=\"\" class=\"wp-image-83\" srcset=\"https:\/\/zweizwei.com\/wp-content\/uploads\/2024\/04\/sissi_mare_08.jpg 1189w, https:\/\/zweizwei.com\/wp-content\/uploads\/2024\/04\/sissi_mare_08-300x221.jpg 300w, https:\/\/zweizwei.com\/wp-content\/uploads\/2024\/04\/sissi_mare_08-1024x753.jpg 1024w, https:\/\/zweizwei.com\/wp-content\/uploads\/2024\/04\/sissi_mare_08-768x565.jpg 768w\" sizes=\"auto, (max-width: 1189px) 100vw, 1189px\" \/><\/figure>\n\n\n\n<h3 class=\"wp-block-heading\"><a href=\"http:\/\/zweizwei.com\/index.php\/aktuelle-arbeiten\/\" data-type=\"page\" data-id=\"122\">sissi si mare<\/a><\/h3>\n\n\n\n<p>2024<\/p>\n\n\n\n<div class=\"wp-block-button is-style-outline is-style-outline--2\"><a class=\"wp-block-button__link wp-element-button\">*<\/a><\/div>\n<\/div>\n<\/div>\n\n\n\n<div class=\"wp-block-column is-layout-flow wp-block-column-is-layout-flow\">\n<div class=\"wp-block-group is-layout-flow wp-block-group-is-layout-flow\">\n<figure class=\"wp-block-image alignfull size-large\"><img loading=\"lazy\" decoding=\"async\" width=\"1024\" height=\"634\" src=\"http:\/\/zweizwei.com\/wp-content\/uploads\/2023\/06\/IMG_0844-e1687980194877-1024x634.jpeg\" alt=\"\" class=\"wp-image-29\" srcset=\"https:\/\/zweizwei.com\/wp-content\/uploads\/2023\/06\/IMG_0844-e1687980194877-1024x634.jpeg 1024w, https:\/\/zweizwei.com\/wp-content\/uploads\/2023\/06\/IMG_0844-e1687980194877-300x186.jpeg 300w, https:\/\/zweizwei.com\/wp-content\/uploads\/2023\/06\/IMG_0844-e1687980194877-768x476.jpeg 768w, https:\/\/zweizwei.com\/wp-content\/uploads\/2023\/06\/IMG_0844-e1687980194877.jpeg 1200w\" sizes=\"auto, (max-width: 1024px) 100vw, 1024px\" \/><\/figure>\n\n\n\n<h3 class=\"wp-block-heading\">tore<\/h3>\n\n\n\n<p>2014<\/p>\n\n\n\n<div class=\"wp-block-button is-style-outline is-style-outline--3\"><a class=\"wp-block-button__link wp-element-button\">*<\/a><\/div>\n<\/div>\n\n\n\n<div class=\"wp-block-group is-layout-flow wp-block-group-is-layout-flow\">\n<figure class=\"wp-block-image alignfull size-large\"><img loading=\"lazy\" decoding=\"async\" width=\"663\" height=\"497\" src=\"http:\/\/zweizwei.com\/wp-content\/uploads\/2023\/06\/genitalmonster-edited.jpg\" alt=\"\" class=\"wp-image-26\" srcset=\"https:\/\/zweizwei.com\/wp-content\/uploads\/2023\/06\/genitalmonster-edited.jpg 663w, https:\/\/zweizwei.com\/wp-content\/uploads\/2023\/06\/genitalmonster-edited-300x225.jpg 300w\" sizes=\"auto, (max-width: 663px) 100vw, 663px\" \/><\/figure>\n\n\n\n<h3 class=\"wp-block-heading\">illustrationen<\/h3>\n\n\n\n<div class=\"wp-block-button is-style-outline is-style-outline--4\"><a class=\"wp-block-button__link wp-element-button\">*<\/a><\/div>\n<\/div>\n<\/div>\n<\/div>\n\n\n\n<div class=\"wp-block-group alignwide is-layout-flow wp-block-group-is-layout-flow\">\n<h2 class=\"wp-block-heading has-text-align-center has-accent-color has-text-color\">queer, kunst + utopie \/\/ casa de copiii \/\/ this is enlightenment \/\/ transformationes \/\/ tore \/\/ illustrationen \/\/ love* \/\/ love*cycle<\/h2>\n<\/div>\n\n\n\n<p class=\"has-drop-cap\">Diese seite zeigt eine werkschau von sissi*s visueller kunst der letzten jahrzehnte. sissi versteht sich als queer\/nicht bin\u00e4re k\u00fcnstler*in, lebt in berlin, mit wurzeln in rum\u00e4nien &amp; verzweigungen in die ganze welt. zweizwei ist zu lesen als entpersonifiziertes label, unter dessen schirm sissi*s kunst entsteht.<\/p>\n\n\n\n<p>\u00fcber malerei, zeichnen, b\u00fchnenbild, kunst mit verschiedenen gesellschaftlichen gruppen (verschiedene altersgruppen &#8211; von kindern \u00fcber jugendliche, erwachsene &amp; alte menschen, menschen mit psychischen erkrankungen, menschen mit behinderungen, k\u00fcnstler*innen &amp; queeren menschen), illustration, kunst im \u00f6ffentlichen raum, performative kunst, gestaltung\/design, illustration von literatur, foto, model, film und mixed media, dokumentarisches arbeiten &#8211; das oevre von sissi* ist breit gef\u00e4chert, genauso die thematische vielfalt &#8211; &amp; doch aus einer einzigartigen perspektive, welche sich durch facettenreichtum auszeichnet &amp; wunde punkte nicht scheut. <\/p>\n\n\n\n<p>viel freude beim reisen durch diese seite*n..<\/p>\n\n\n\n<p><\/p>\n\n\n\n<p><\/p>\n\n\n\n<p>anfragen zu screenings, ausstellungen, lesungen, kunstprojekten o.\u00e4. gerne via e-mail..<\/p>\n\n\n\n<div class=\"wp-block-group is-nowrap is-layout-flex wp-container-core-group-is-layout-6c531013 wp-block-group-is-layout-flex\">\n<h2 class=\"wp-block-heading\"><a href=\"http:\/\/zweizwei.com\/index.php\/politique-de-confidentialite\/\" data-type=\"page\" data-id=\"3\">impressum<\/a><\/h2>\n<\/div>\n","protected":false},"excerpt":{"rendered":"<p>visuelle kunst&#8230; illustration .. foto .. film .. ausstellungen .. veranstaltungen .. dokumentation .. \u00f6ffentlicher raum .. kunst im kontext .. mixed media .. performance .. casa de copiii 2014 sissi si mare 2024 tore 2014 illustrationen queer, kunst + utopie \/\/ casa de copiii \/\/ this is enlightenment \/\/ transformationes \/\/ tore \/\/ illustrationen [&hellip;]<\/p>\n","protected":false},"author":1,"featured_media":124,"parent":0,"menu_order":0,"comment_status":"closed","ping_status":"closed","template":"","meta":{"footnotes":""},"class_list":["post-15","page","type-page","status-publish","has-post-thumbnail","hentry"],"_links":{"self":[{"href":"https:\/\/zweizwei.com\/index.php\/wp-json\/wp\/v2\/pages\/15","targetHints":{"allow":["GET"]}}],"collection":[{"href":"https:\/\/zweizwei.com\/index.php\/wp-json\/wp\/v2\/pages"}],"about":[{"href":"https:\/\/zweizwei.com\/index.php\/wp-json\/wp\/v2\/types\/page"}],"author":[{"embeddable":true,"href":"https:\/\/zweizwei.com\/index.php\/wp-json\/wp\/v2\/users\/1"}],"replies":[{"embeddable":true,"href":"https:\/\/zweizwei.com\/index.php\/wp-json\/wp\/v2\/comments?post=15"}],"version-history":[{"count":16,"href":"https:\/\/zweizwei.com\/index.php\/wp-json\/wp\/v2\/pages\/15\/revisions"}],"predecessor-version":[{"id":143,"href":"https:\/\/zweizwei.com\/index.php\/wp-json\/wp\/v2\/pages\/15\/revisions\/143"}],"wp:featuredmedia":[{"embeddable":true,"href":"https:\/\/zweizwei.com\/index.php\/wp-json\/wp\/v2\/media\/124"}],"wp:attachment":[{"href":"https:\/\/zweizwei.com\/index.php\/wp-json\/wp\/v2\/media?parent=15"}],"curies":[{"name":"wp","href":"https:\/\/api.w.org\/{rel}","templated":true}]}}