{"id":3,"date":"2023-02-21T12:28:37","date_gmt":"2023-02-21T11:28:37","guid":{"rendered":"http:\/\/zweizwei.com\/?page_id=3"},"modified":"2024-04-25T13:21:45","modified_gmt":"2024-04-25T11:21:45","slug":"politique-de-confidentialite","status":"publish","type":"page","link":"https:\/\/zweizwei.com\/index.php\/politique-de-confidentialite\/","title":{"rendered":"zustimmungspolitiken"},"content":{"rendered":"\n<h2 class=\"wp-block-heading\">wer wir sind<\/h2>\n\n\n\n<p>die adresse unserer website ist: http:\/\/www.zweizwei.com. alle inhalte unterliegen dem urheberrecht.<\/p>\n\n\n\n<p>verantwortlich f\u00fcr die Internetseite ist sissi\/m\u00fcller. wir weisen hier ausdr\u00fccklich auf das copyright aller arbeiten hin.<\/p>\n\n\n\n<p>jegliche vervielf\u00e4ltigung oder weiterverbreitung in jedem medium als ganzes oder in teilen bedarf der schriftlichen zustimmung von sissi\/m\u00fcller.<\/p>\n\n\n\n<p>diese webseite ist nicht kommerziell, sie zeigt eine werkschau der letzten jahre an nicht-kommerziellen kunstprojekten und nicht-kommerziellen kunstprodukten.<\/p>\n\n\n\n<p>sissi \/ m\u00fcller \/\/ heckmannufer 2 \/\/ 10997 berlin<\/p>\n\n\n\n<h2 class=\"wp-block-heading\">urheberrecht, haftung f\u00fcr inhalte und links<\/h2>\n\n\n\n<p>Die durch die Seitenbetreiber erstellten Inhalte und Werke auf diesen Seiten unterliegen dem deutschen Urheberrecht. Die Vervielf\u00e4ltigung, Bearbeitung, Verbreitung und jede Art der Verwertung au\u00dferhalb der Grenzen des Urheberrechtes bed\u00fcrfen der schriftlichen Zustimmung der jeweiligen Autorin bzw. Erstellerin. Downloads und Kopien dieser Seite sind weder f\u00fcr den privaten, noch f\u00fcr den kommerziellen Gebrauch gestattet. Soweit die Inhalte auf dieser Seite nicht vom Betreiber erstellt wurden, werden die Urheberrechte Dritter beachtet. Insbesondere werden Inhalte Dritter als solche gekennzeichnet. Sollten Sie trotzdem auf eine Urheberrechtsverletzung aufmerksam werden, bitten wir um einen entsprechenden Hinweis. Bei Bekanntwerden von Rechtsverletzungen werden wir derartige Inhalte umgehend entfernen.<\/p>\n\n\n\n<p>Die Inhalte dieser Seiten wurden mit gr\u00f6\u00dfter Sorgfalt erstellt. F\u00fcr die Richtigkeit, Vollst\u00e4ndigkeit und Aktualit\u00e4t der Inhalte k\u00f6nnen wir jedoch keine Gew\u00e4hr \u00fcbernehmen. <\/p>\n\n\n\n<p>Aus deiner E-Mail-Adresse kann eine anonymisierte Zeichenfolge erstellt (auch Hash genannt) und dem Gravatar-Dienst \u00fcbergeben werden, um zu pr\u00fcfen, ob du diesen benutzt. Die Datenschutzerkl\u00e4rung des Gravatar-Dienstes findest du hier: https:\/\/automattic.com\/privacy\/. Nachdem dein Kommentar freigegeben wurde, ist dein Profilbild \u00f6ffentlich im Kontext deines Kommentars sichtbar.<\/p>\n\n\n\n<p>Unser Angebot vermeidet Links zu externen Webseiten Dritter, auf deren Inhalte wir keinen Einfluss haben. Auf die inhalte f\u00fcr diese fremden Inhalte auch keine Gew\u00e4hr \u00fcbernehmen. F\u00fcr die Inhalte der verlinkten Seiten ist stets der jeweilige Anbieter oder Betreiber der Seiten verantwortlich. Die verlinkten Seiten wurden zum Zeitpunkt der Verlinkung auf m\u00f6gliche Rechtsverst\u00f6\u00dfe \u00fcberpr\u00fcft. Rechtswidrige Inhalte waren zum Zeitpunkt der Verlinkung nicht erkennbar. Eine permanente inhaltliche Kontrolle der verlinkten Seiten ist jedoch ohne konkrete Anhaltspunkte einer Rechtsverletzung nicht zumutbar. Bei Bekanntwerden von Rechtsverletzungen werden wir derartige Links umgehend entfernen.<\/p>\n\n\n\n<h2 class=\"wp-block-heading\">cookies<\/h2>\n\n\n\n<p>wenn du einen kommentar auf unserer website schreibst, kann das eine einwilligung sein, deinen namen, e-mail-adresse und website in cookies zu speichern. dies ist eine komfortfunktion, damit du nicht, wenn du einen weiteren kommentar schreibst, all diese daten erneut eingeben musst. diese cookies werden ein jahr lang gespeichert.<\/p>\n\n\n\n<h2 class=\"wp-block-heading\">eingebettete inhalte von anderen websites<\/h2>\n\n\n\n<p>beitr\u00e4ge auf dieser Website k\u00f6nnen eingebettete Inhalte beinhalten (z.\u00a0B. videos, bilder, beitr\u00e4ge etc.). eingebettete inhalte von anderen websites  verhalten sich exakt so, als ob die besuchende die andere website besucht h\u00e4tte.<\/p>\n\n\n\n<p>diese Websites k\u00f6nnen Daten \u00fcber dich sammeln, Cookies benutzen, zus\u00e4tzliche Tracking-Dienste von Dritten einbetten und deine Interaktion mit diesem eingebetteten Inhalt aufzeichnen, inklusive deiner Interaktion mit dem eingebetteten Inhalt, falls du ein Konto hast und auf dieser Website angemeldet bist.<\/p>\n\n\n\n<h2 class=\"wp-block-heading\">wie lange wir deine daten speichern<\/h2>\n\n\n\n<p>wenn du einen kommentar schreibst, wird dieser inklusive metadaten zeitlich unbegrenzt gespeichert. <\/p>\n\n\n\n<h2 class=\"wp-block-heading\">wohin deine daten gesendet werden<\/h2>\n\n\n\n<p>kommentare von besuchenden k\u00f6nnten von einem automatisierten dienst zur spam-erkennung untersucht werden.<\/p>\n","protected":false},"excerpt":{"rendered":"<p>wer wir sind die adresse unserer website ist: http:\/\/www.zweizwei.com. alle inhalte unterliegen dem urheberrecht. verantwortlich f\u00fcr die Internetseite ist sissi\/m\u00fcller. wir weisen hier ausdr\u00fccklich auf das copyright aller arbeiten hin. jegliche vervielf\u00e4ltigung oder weiterverbreitung in jedem medium als ganzes oder in teilen bedarf der schriftlichen zustimmung von sissi\/m\u00fcller. diese webseite ist nicht kommerziell, sie zeigt [&hellip;]<\/p>\n","protected":false},"author":1,"featured_media":0,"parent":0,"menu_order":0,"comment_status":"closed","ping_status":"open","template":"","meta":{"footnotes":""},"class_list":["post-3","page","type-page","status-publish","hentry"],"_links":{"self":[{"href":"https:\/\/zweizwei.com\/index.php\/wp-json\/wp\/v2\/pages\/3","targetHints":{"allow":["GET"]}}],"collection":[{"href":"https:\/\/zweizwei.com\/index.php\/wp-json\/wp\/v2\/pages"}],"about":[{"href":"https:\/\/zweizwei.com\/index.php\/wp-json\/wp\/v2\/types\/page"}],"author":[{"embeddable":true,"href":"https:\/\/zweizwei.com\/index.php\/wp-json\/wp\/v2\/users\/1"}],"replies":[{"embeddable":true,"href":"https:\/\/zweizwei.com\/index.php\/wp-json\/wp\/v2\/comments?post=3"}],"version-history":[{"count":1,"href":"https:\/\/zweizwei.com\/index.php\/wp-json\/wp\/v2\/pages\/3\/revisions"}],"predecessor-version":[{"id":108,"href":"https:\/\/zweizwei.com\/index.php\/wp-json\/wp\/v2\/pages\/3\/revisions\/108"}],"wp:attachment":[{"href":"https:\/\/zweizwei.com\/index.php\/wp-json\/wp\/v2\/media?parent=3"}],"curies":[{"name":"wp","href":"https:\/\/api.w.org\/{rel}","templated":true}]}}